{"id":6,"date":"2021-06-26T09:58:08","date_gmt":"2021-06-26T09:58:08","guid":{"rendered":"https:\/\/zonacultural.com.br\/?page_id=6"},"modified":"2021-08-03T09:50:02","modified_gmt":"2021-08-03T09:50:02","slug":"the-new-umoma-opens-its-doors-2","status":"publish","type":"page","link":"https:\/\/zonacultural.com.br\/","title":{"rendered":"uMa CAra noVA paRa  qUem J\u00c1  tEm MAis DE 30"},"content":{"rendered":"\n<div class=\"wp-block-group alignwide\"><div class=\"wp-block-group__inner-container is-layout-flow wp-block-group-is-layout-flow\">\n<h2 class=\"has-text-align-center wp-block-heading\">DiREto da  eRa  do  r\u00c1dio paRA  erA  dOs  DAdoS<\/h2>\n\n\n\n<figure class=\"wp-block-image size-large is-resized\"><img loading=\"lazy\" decoding=\"async\" src=\"https:\/\/zonacultural.com.br\/wp-content\/uploads\/2021\/06\/TV-e-Radio-a-Valvula.jpg\" alt=\"\" class=\"wp-image-246\" width=\"610\" height=\"530\" srcset=\"https:\/\/zonacultural.com.br\/wp-content\/uploads\/2021\/06\/TV-e-Radio-a-Valvula.jpg 700w, https:\/\/zonacultural.com.br\/wp-content\/uploads\/2021\/06\/TV-e-Radio-a-Valvula-300x261.jpg 300w\" sizes=\"auto, (max-width: 610px) 100vw, 610px\" \/><figcaption><em><strong>1960 &#8211; R\u00e1dio e TV a V\u00e1lvula<\/strong><\/em><\/figcaption><\/figure>\n\n\n\n<figure class=\"wp-block-image size-large is-style-rounded\"><img loading=\"lazy\" decoding=\"async\" width=\"500\" height=\"375\" src=\"https:\/\/zonacultural.com.br\/wp-content\/uploads\/2021\/06\/Valvula-de-TV.jpg\" alt=\"\" class=\"wp-image-247\" srcset=\"https:\/\/zonacultural.com.br\/wp-content\/uploads\/2021\/06\/Valvula-de-TV.jpg 500w, https:\/\/zonacultural.com.br\/wp-content\/uploads\/2021\/06\/Valvula-de-TV-300x225.jpg 300w\" sizes=\"auto, (max-width: 500px) 100vw, 500px\" \/><figcaption><strong><em>V\u00e1lvulas para TV e R\u00e1dio<\/em><\/strong><\/figcaption><\/figure>\n\n\n\n<figure class=\"wp-block-image size-large is-style-rounded\"><img loading=\"lazy\" decoding=\"async\" width=\"1024\" height=\"710\" src=\"https:\/\/zonacultural.com.br\/wp-content\/uploads\/2021\/06\/TV-a-valvula2-1024x710.jpg\" alt=\"\" class=\"wp-image-251\" srcset=\"https:\/\/zonacultural.com.br\/wp-content\/uploads\/2021\/06\/TV-a-valvula2-1024x710.jpg 1024w, https:\/\/zonacultural.com.br\/wp-content\/uploads\/2021\/06\/TV-a-valvula2-300x208.jpg 300w, https:\/\/zonacultural.com.br\/wp-content\/uploads\/2021\/06\/TV-a-valvula2-768x533.jpg 768w, https:\/\/zonacultural.com.br\/wp-content\/uploads\/2021\/06\/TV-a-valvula2.jpg 1181w\" sizes=\"auto, (max-width: 1024px) 100vw, 1024px\" \/><figcaption><em><strong>1960 &#8211; TV a V\u00e1lvula e Tubo de Imagem<\/strong><\/em><\/figcaption><\/figure>\n\n\n\n\n\n<div class=\"wp-block-group\"><div class=\"wp-block-group__inner-container is-layout-flow wp-block-group-is-layout-flow\">\n<div class=\"wp-block-group\"><div class=\"wp-block-group__inner-container is-layout-flow wp-block-group-is-layout-flow\">\n<figure class=\"wp-block-image size-large is-resized\"><img loading=\"lazy\" decoding=\"async\" src=\"https:\/\/zonacultural.com.br\/wp-content\/uploads\/2021\/06\/Bolhas-copy-1024x1024.jpg\" alt=\"\" class=\"wp-image-239\" width=\"611\" height=\"611\" srcset=\"https:\/\/zonacultural.com.br\/wp-content\/uploads\/2021\/06\/Bolhas-copy-1024x1024.jpg 1024w, https:\/\/zonacultural.com.br\/wp-content\/uploads\/2021\/06\/Bolhas-copy-300x300.jpg 300w, https:\/\/zonacultural.com.br\/wp-content\/uploads\/2021\/06\/Bolhas-copy-150x150.jpg 150w, https:\/\/zonacultural.com.br\/wp-content\/uploads\/2021\/06\/Bolhas-copy-768x768.jpg 768w, https:\/\/zonacultural.com.br\/wp-content\/uploads\/2021\/06\/Bolhas-copy.jpg 1200w\" sizes=\"auto, (max-width: 611px) 100vw, 611px\" \/><figcaption><strong><em>Pela Engenharia Reversa, chegaram ao Transistor e ao CI. Ficou F\u00c1CIL.<\/em><\/strong><\/figcaption><\/figure>\n\n\n\n<p><\/p>\n<\/div><\/div>\n<\/div><\/div>\n\n\n\n<div class=\"wp-block-group\"><div class=\"wp-block-group__inner-container is-layout-flow wp-block-group-is-layout-flow\">\n<figure class=\"wp-block-image alignwide size-large\"><img loading=\"lazy\" decoding=\"async\" width=\"1024\" height=\"427\" src=\"https:\/\/zonacultural.com.br\/wp-content\/uploads\/2021\/06\/Tirando-Onda-copy-1024x427.jpg\" alt=\"\" class=\"wp-image-242\" srcset=\"https:\/\/zonacultural.com.br\/wp-content\/uploads\/2021\/06\/Tirando-Onda-copy-1024x427.jpg 1024w, https:\/\/zonacultural.com.br\/wp-content\/uploads\/2021\/06\/Tirando-Onda-copy-300x125.jpg 300w, https:\/\/zonacultural.com.br\/wp-content\/uploads\/2021\/06\/Tirando-Onda-copy-768x320.jpg 768w, https:\/\/zonacultural.com.br\/wp-content\/uploads\/2021\/06\/Tirando-Onda-copy.jpg 1200w\" sizes=\"auto, (max-width: 1024px) 100vw, 1024px\" \/><figcaption><strong><em>1990 &#8211; Computa\u00e7\u00e3o chega ao Brasil<\/em><\/strong> &#8211; <em><strong>Com as GRA\u00c7AS dos ETs.(Anjos Ca\u00eddos)<\/strong><\/em><\/figcaption><\/figure>\n\n\n\n<p><\/p>\n<\/div><\/div>\n<\/div><\/div>\n\n\n\n<div class=\"wp-block-columns alignwide is-layout-flex wp-container-core-columns-is-layout-9d6595d7 wp-block-columns-is-layout-flex\">\n<div class=\"wp-block-column is-layout-flow wp-block-column-is-layout-flow\">\n<div class=\"wp-block-group\"><div class=\"wp-block-group__inner-container is-layout-flow wp-block-group-is-layout-flow\">\n<div class=\"wp-block-group alignfull\"><div class=\"wp-block-group__inner-container is-layout-flow wp-block-group-is-layout-flow\">\n<figure class=\"wp-block-image size-large is-resized\"><img loading=\"lazy\" decoding=\"async\" src=\"https:\/\/zonacultural.com.br\/wp-content\/uploads\/2021\/06\/Fazendo-Arte.jpg\" alt=\"\" class=\"wp-image-44\" width=\"573\" height=\"458\"\/><\/figure>\n<\/div><\/div>\n\n\n\n<h3 class=\"wp-block-heading\">N\u00e3o  tinha computador&#8230;$$$<\/h3>\n\n\n\n<h5 class=\"has-text-align-center wp-block-heading\"><strong>09 de Setembro de 1991 <\/strong><\/h5>\n<\/div><\/div>\n\n\n\n<div class=\"wp-block-group\"><div class=\"wp-block-group__inner-container is-layout-flow wp-block-group-is-layout-flow\">\n<figure class=\"wp-block-gallery alignfull columns-1 is-cropped wp-block-gallery-1 is-layout-flex wp-block-gallery-is-layout-flex\"><ul class=\"blocks-gallery-grid\"><li class=\"blocks-gallery-item\"><figure><img loading=\"lazy\" decoding=\"async\" width=\"2000\" height=\"1446\" src=\"https:\/\/zonacultural.com.br\/wp-content\/uploads\/2021\/06\/Materiais-de-arte-final.jpg\" alt=\"\" data-id=\"63\" data-full-url=\"https:\/\/zonacultural.com.br\/wp-content\/uploads\/2021\/06\/Materiais-de-arte-final.jpg\" data-link=\"https:\/\/zonacultural.com.br\/index.php\/the-new-umoma-opens-its-doors-2\/materiais-de-arte-final\/\" class=\"wp-image-63\" srcset=\"https:\/\/zonacultural.com.br\/wp-content\/uploads\/2021\/06\/Materiais-de-arte-final.jpg 2000w, https:\/\/zonacultural.com.br\/wp-content\/uploads\/2021\/06\/Materiais-de-arte-final-300x217.jpg 300w, https:\/\/zonacultural.com.br\/wp-content\/uploads\/2021\/06\/Materiais-de-arte-final-1024x740.jpg 1024w, https:\/\/zonacultural.com.br\/wp-content\/uploads\/2021\/06\/Materiais-de-arte-final-768x555.jpg 768w, https:\/\/zonacultural.com.br\/wp-content\/uploads\/2021\/06\/Materiais-de-arte-final-1536x1111.jpg 1536w, https:\/\/zonacultural.com.br\/wp-content\/uploads\/2021\/06\/Materiais-de-arte-final-1200x868.jpg 1200w, https:\/\/zonacultural.com.br\/wp-content\/uploads\/2021\/06\/Materiais-de-arte-final-1980x1432.jpg 1980w\" sizes=\"auto, (max-width: 2000px) 100vw, 2000px\" \/><\/figure><\/li><\/ul><\/figure>\n\n\n\n<h2 class=\"wp-block-heading\">E outras coisinhas mais.<\/h2>\n\n\n\n<h4 class=\"wp-block-heading\">Como a gente Penava no Compasso.<\/h4>\n\n\n\n<p><\/p>\n<\/div><\/div>\n<\/div>\n\n\n\n<div class=\"wp-block-column is-layout-flow wp-block-column-is-layout-flow\">\n<div class=\"wp-block-group\"><div class=\"wp-block-group__inner-container is-layout-flow wp-block-group-is-layout-flow\">\n<div class=\"wp-block-columns is-layout-flex wp-container-core-columns-is-layout-9d6595d7 wp-block-columns-is-layout-flex\">\n<div class=\"wp-block-column is-layout-flow wp-block-column-is-layout-flow\">\n<figure class=\"wp-block-image size-large is-resized\"><img loading=\"lazy\" decoding=\"async\" src=\"https:\/\/zonacultural.com.br\/wp-content\/uploads\/2021\/06\/Atendimento-ao-Cliente-1.jpg\" alt=\"\" class=\"wp-image-46\" width=\"584\" height=\"458\" srcset=\"https:\/\/zonacultural.com.br\/wp-content\/uploads\/2021\/06\/Atendimento-ao-Cliente-1.jpg 400w, https:\/\/zonacultural.com.br\/wp-content\/uploads\/2021\/06\/Atendimento-ao-Cliente-1-300x236.jpg 300w\" sizes=\"auto, (max-width: 584px) 100vw, 584px\" \/><\/figure>\n<\/div>\n<\/div>\n\n\n\n<h3 class=\"wp-block-heading\">&#8230;Era na pena e no compasso<\/h3>\n\n\n\n<h5 class=\"has-text-align-center wp-block-heading\"><strong>Zona Cultural ganha sua Raz\u00e3o Social<\/strong> <strong>&#8211; 9\/9\/1991<\/strong><\/h5>\n\n\n\n<p><\/p>\n<\/div><\/div>\n\n\n\n<div class=\"wp-block-group\"><div class=\"wp-block-group__inner-container is-layout-flow wp-block-group-is-layout-flow\">\n<figure class=\"wp-block-gallery alignfull columns-1 is-cropped wp-block-gallery-2 is-layout-flex wp-block-gallery-is-layout-flex\"><ul class=\"blocks-gallery-grid\"><li class=\"blocks-gallery-item\"><figure><img loading=\"lazy\" decoding=\"async\" width=\"600\" height=\"600\" src=\"https:\/\/zonacultural.com.br\/wp-content\/uploads\/2021\/06\/Planeta-Zona-Cultural-copy.jpg\" alt=\"\" data-id=\"70\" data-full-url=\"https:\/\/zonacultural.com.br\/wp-content\/uploads\/2021\/06\/Planeta-Zona-Cultural-copy.jpg\" data-link=\"https:\/\/zonacultural.com.br\/index.php\/the-new-umoma-opens-its-doors-2\/planeta-zona-cultural-copy\/\" class=\"wp-image-70\" srcset=\"https:\/\/zonacultural.com.br\/wp-content\/uploads\/2021\/06\/Planeta-Zona-Cultural-copy.jpg 600w, https:\/\/zonacultural.com.br\/wp-content\/uploads\/2021\/06\/Planeta-Zona-Cultural-copy-300x300.jpg 300w, https:\/\/zonacultural.com.br\/wp-content\/uploads\/2021\/06\/Planeta-Zona-Cultural-copy-150x150.jpg 150w\" sizes=\"auto, (max-width: 600px) 100vw, 600px\" \/><figcaption class=\"blocks-gallery-item__caption\"><strong>D\u00e9cada de 90 no S\u00e9culo XX<\/strong><\/figcaption><\/figure><\/li><\/ul><\/figure>\n\n\n\n<h3 class=\"has-text-align-center wp-block-heading\">Com o PC, todos n\u00f3s ganhamos um mundo novo e colorido.<\/h3>\n\n\n\n<p class=\"has-text-align-center\"><\/p>\n<\/div><\/div>\n<\/div>\n<\/div>\n\n\n\n<div class=\"wp-block-media-text alignwide is-stacked-on-mobile\" style=\"grid-template-columns:59% auto\"><figure class=\"wp-block-media-text__media\"><img loading=\"lazy\" decoding=\"async\" width=\"676\" height=\"381\" src=\"https:\/\/zonacultural.com.br\/wp-content\/uploads\/2021\/06\/De-olho-no-Lu-copy.jpg\" alt=\"\" class=\"wp-image-74 size-full\" srcset=\"https:\/\/zonacultural.com.br\/wp-content\/uploads\/2021\/06\/De-olho-no-Lu-copy.jpg 676w, https:\/\/zonacultural.com.br\/wp-content\/uploads\/2021\/06\/De-olho-no-Lu-copy-300x169.jpg 300w\" sizes=\"auto, (max-width: 676px) 100vw, 676px\" \/><\/figure><div class=\"wp-block-media-text__content\">\n<h2 class=\"wp-block-heading\"><strong>Passamos a ver um mundo absolutamente Novo e Fant\u00e1stico<\/strong>!<\/h2>\n<\/div><\/div>\n\n\n\n<figure class=\"wp-block-image size-large is-resized\"><img loading=\"lazy\" decoding=\"async\" src=\"https:\/\/zonacultural.com.br\/wp-content\/uploads\/2021\/06\/7-partes-da-face-1024x1020.jpg\" alt=\"\" class=\"wp-image-47\" width=\"610\" height=\"607\" srcset=\"https:\/\/zonacultural.com.br\/wp-content\/uploads\/2021\/06\/7-partes-da-face-1024x1020.jpg 1024w, https:\/\/zonacultural.com.br\/wp-content\/uploads\/2021\/06\/7-partes-da-face-300x300.jpg 300w, https:\/\/zonacultural.com.br\/wp-content\/uploads\/2021\/06\/7-partes-da-face-150x150.jpg 150w, https:\/\/zonacultural.com.br\/wp-content\/uploads\/2021\/06\/7-partes-da-face-768x765.jpg 768w, https:\/\/zonacultural.com.br\/wp-content\/uploads\/2021\/06\/7-partes-da-face.jpg 1109w\" sizes=\"auto, (max-width: 610px) 100vw, 610px\" \/><figcaption><strong><em>Tudo agora est\u00e1 a um toque no mouse. N\u00e3o existem mais d\u00favidas sem respostas.<\/em><\/strong> <em><strong>O trabalho de meses, feito em minutos.<\/strong><\/em><\/figcaption><\/figure>\n\n\n\n<figure class=\"wp-block-image alignwide size-large\"><img decoding=\"async\" src=\"https:\/\/zonacultural.com.br\/wp-content\/uploads\/2021\/06\/Zona-de-Cometas-copy.jpg\" alt=\"\"\/><figcaption><em><strong>Come\u00e7aram  a ser divulgados os sinais. Centenas, milhares deles. Eles est\u00e3o entre n\u00f3s.<\/strong> <strong>Sempre estiveram. Agora posam para nossos Celulares e Filmadoras. Sorria!!! Voc\u00ea est\u00e1 sendo observado. Ha muito tempo.<\/strong><\/em><\/figcaption><\/figure>\n\n\n\n<figure class=\"wp-block-image size-large is-resized\"><img loading=\"lazy\" decoding=\"async\" src=\"https:\/\/zonacultural.com.br\/wp-content\/uploads\/2021\/06\/Espiral-de-luz-edited.jpg\" alt=\"\" class=\"wp-image-78\" width=\"608\" height=\"608\" srcset=\"https:\/\/zonacultural.com.br\/wp-content\/uploads\/2021\/06\/Espiral-de-luz-edited.jpg 431w, https:\/\/zonacultural.com.br\/wp-content\/uploads\/2021\/06\/Espiral-de-luz-edited-300x300.jpg 300w, https:\/\/zonacultural.com.br\/wp-content\/uploads\/2021\/06\/Espiral-de-luz-edited-150x150.jpg 150w\" sizes=\"auto, (max-width: 608px) 100vw, 608px\" \/><figcaption><strong><em>Um Buraco Negro, a nos encantar e atrair.  <\/em><\/strong><\/figcaption><\/figure>\n\n\n\n<div class=\"wp-block-group\"><div class=\"wp-block-group__inner-container is-layout-flow wp-block-group-is-layout-flow\">\n<figure class=\"wp-block-image size-large\"><img loading=\"lazy\" decoding=\"async\" width=\"695\" height=\"441\" src=\"https:\/\/zonacultural.com.br\/wp-content\/uploads\/2021\/06\/Lu-nagua.jpg\" alt=\"\" class=\"wp-image-81\" srcset=\"https:\/\/zonacultural.com.br\/wp-content\/uploads\/2021\/06\/Lu-nagua.jpg 695w, https:\/\/zonacultural.com.br\/wp-content\/uploads\/2021\/06\/Lu-nagua-300x190.jpg 300w\" sizes=\"auto, (max-width: 695px) 100vw, 695px\" \/><figcaption><strong><em>Um Escuro, Refrescante!!!<\/em><\/strong><\/figcaption><\/figure>\n\n\n\n<div class=\"wp-block-image\"><figure class=\"aligncenter size-large is-resized\"><img loading=\"lazy\" decoding=\"async\" src=\"https:\/\/zonacultural.com.br\/wp-content\/uploads\/2021\/06\/Lunaticos-1024x249.jpg\" alt=\"\" class=\"wp-image-83\" width=\"998\" height=\"242\" srcset=\"https:\/\/zonacultural.com.br\/wp-content\/uploads\/2021\/06\/Lunaticos-1024x249.jpg 1024w, https:\/\/zonacultural.com.br\/wp-content\/uploads\/2021\/06\/Lunaticos-300x73.jpg 300w, https:\/\/zonacultural.com.br\/wp-content\/uploads\/2021\/06\/Lunaticos-768x186.jpg 768w, https:\/\/zonacultural.com.br\/wp-content\/uploads\/2021\/06\/Lunaticos-1536x373.jpg 1536w, https:\/\/zonacultural.com.br\/wp-content\/uploads\/2021\/06\/Lunaticos-1200x291.jpg 1200w, https:\/\/zonacultural.com.br\/wp-content\/uploads\/2021\/06\/Lunaticos.jpg 1800w\" sizes=\"auto, (max-width: 998px) 100vw, 998px\" \/><figcaption><strong><em>Muita coisa que \u00e9 at\u00e9 dif\u00edcil de acreditar<\/em><\/strong>. <strong><em>Lua com GRAVIDADE<\/em><\/strong>. <strong><em>Erros Grav\u00edssimos!<\/em><\/strong><\/figcaption><\/figure><\/div>\n\n\n\n<div class=\"wp-block-group\"><div class=\"wp-block-group__inner-container is-layout-flow wp-block-group-is-layout-flow\">\n<figure class=\"wp-block-image size-large is-resized\"><img loading=\"lazy\" decoding=\"async\" src=\"https:\/\/zonacultural.com.br\/wp-content\/uploads\/2021\/06\/Linhas1-copy.jpg\" alt=\"\" class=\"wp-image-80\" width=\"606\" height=\"606\" srcset=\"https:\/\/zonacultural.com.br\/wp-content\/uploads\/2021\/06\/Linhas1-copy.jpg 1000w, https:\/\/zonacultural.com.br\/wp-content\/uploads\/2021\/06\/Linhas1-copy-300x300.jpg 300w, https:\/\/zonacultural.com.br\/wp-content\/uploads\/2021\/06\/Linhas1-copy-150x150.jpg 150w, https:\/\/zonacultural.com.br\/wp-content\/uploads\/2021\/06\/Linhas1-copy-768x768.jpg 768w\" sizes=\"auto, (max-width: 606px) 100vw, 606px\" \/><figcaption><em><strong>Tem a Teoria das Cordas: Tudo s\u00e3o ondas de pura ilus\u00e3o. Ai que del\u00edcia!!!<\/strong><\/em><\/figcaption><\/figure>\n<\/div><\/div>\n<\/div><\/div>\n\n\n\n<figure class=\"wp-block-image size-large\"><img loading=\"lazy\" decoding=\"async\" width=\"1024\" height=\"991\" src=\"https:\/\/zonacultural.com.br\/wp-content\/uploads\/2021\/06\/Lu-Pensando-1024x991.jpg\" alt=\"\" class=\"wp-image-82\" srcset=\"https:\/\/zonacultural.com.br\/wp-content\/uploads\/2021\/06\/Lu-Pensando-1024x991.jpg 1024w, https:\/\/zonacultural.com.br\/wp-content\/uploads\/2021\/06\/Lu-Pensando-300x290.jpg 300w, https:\/\/zonacultural.com.br\/wp-content\/uploads\/2021\/06\/Lu-Pensando-768x743.jpg 768w, https:\/\/zonacultural.com.br\/wp-content\/uploads\/2021\/06\/Lu-Pensando-1536x1487.jpg 1536w, https:\/\/zonacultural.com.br\/wp-content\/uploads\/2021\/06\/Lu-Pensando-1200x1161.jpg 1200w, https:\/\/zonacultural.com.br\/wp-content\/uploads\/2021\/06\/Lu-Pensando.jpg 1649w\" sizes=\"auto, (max-width: 1024px) 100vw, 1024px\" \/><figcaption><em><strong>Sendo assim, temos aqui algumas Ideias Expostas.<\/strong><\/em><\/figcaption><\/figure>\n\n\n\n<div class=\"wp-block-group alignwide\"><div class=\"wp-block-group__inner-container is-layout-flow wp-block-group-is-layout-flow\">\n<h2 class=\"has-text-align-center has-accent-color has-text-color wp-block-heading\">Chegamos ao ponto que a F\u00edsica Qu\u00e2ntica provou, que o \u00c1tomo pode estar em dois lugares ao mesmo tempo. Ondas ou Part\u00edculas?<\/h2>\n\n\n\n<h5 class=\"has-text-align-center wp-block-heading\">Pesquise sobre a Experi\u00eancia da DUPLA FENDA.<\/h5>\n<\/div><\/div>\n\n\n\n<div class=\"wp-block-group\"><div class=\"wp-block-group__inner-container is-layout-flow wp-block-group-is-layout-flow\">\n<div class=\"wp-block-group\"><div class=\"wp-block-group__inner-container is-layout-flow wp-block-group-is-layout-flow\">\n<div class=\"wp-block-columns is-layout-flex wp-container-core-columns-is-layout-9d6595d7 wp-block-columns-is-layout-flex\">\n<div class=\"wp-block-column is-vertically-aligned-center is-layout-flow wp-block-column-is-layout-flow\" style=\"flex-basis:100%\">\n<div class=\"wp-block-group\"><div class=\"wp-block-group__inner-container is-layout-flow wp-block-group-is-layout-flow\">\n<div class=\"wp-block-group\"><div class=\"wp-block-group__inner-container is-layout-flow wp-block-group-is-layout-flow\">\n<div class=\"wp-block-columns is-layout-flex wp-container-core-columns-is-layout-9d6595d7 wp-block-columns-is-layout-flex\">\n<div class=\"wp-block-column is-layout-flow wp-block-column-is-layout-flow\" style=\"flex-basis:100%\">\n<div class=\"wp-block-image\"><figure class=\"aligncenter size-large\"><img loading=\"lazy\" decoding=\"async\" width=\"546\" height=\"1024\" src=\"https:\/\/zonacultural.com.br\/wp-content\/uploads\/2021\/07\/Apresentacao-2021-1-546x1024.jpg\" alt=\"\" class=\"wp-image-275\" srcset=\"https:\/\/zonacultural.com.br\/wp-content\/uploads\/2021\/07\/Apresentacao-2021-1-546x1024.jpg 546w, https:\/\/zonacultural.com.br\/wp-content\/uploads\/2021\/07\/Apresentacao-2021-1-160x300.jpg 160w, https:\/\/zonacultural.com.br\/wp-content\/uploads\/2021\/07\/Apresentacao-2021-1-768x1440.jpg 768w, https:\/\/zonacultural.com.br\/wp-content\/uploads\/2021\/07\/Apresentacao-2021-1-819x1536.jpg 819w, https:\/\/zonacultural.com.br\/wp-content\/uploads\/2021\/07\/Apresentacao-2021-1-1092x2048.jpg 1092w, https:\/\/zonacultural.com.br\/wp-content\/uploads\/2021\/07\/Apresentacao-2021-1-1200x2250.jpg 1200w, https:\/\/zonacultural.com.br\/wp-content\/uploads\/2021\/07\/Apresentacao-2021-1-scaled.jpg 1366w\" sizes=\"auto, (max-width: 546px) 100vw, 546px\" \/><\/figure><\/div>\n\n\n<\/div>\n<\/div>\n<\/div><\/div>\n<\/div><\/div>\n<\/div>\n<\/div>\n<\/div><\/div>\n<\/div><\/div>\n\n\n\n<div class=\"wp-block-group alignwide has-background\" style=\"background-color:#ffffff\"><div class=\"wp-block-group__inner-container is-layout-flow wp-block-group-is-layout-flow\">\n<div class=\"wp-block-group\"><div class=\"wp-block-group__inner-container is-layout-flow wp-block-group-is-layout-flow\">\n<h2 class=\"has-text-align-center wp-block-heading\">Estou esperando voc\u00ea.<\/h2>\n\n\n\n<h5 class=\"has-text-align-center wp-block-heading\"><strong>Agora n\u00e3o tem mais desculpa para n\u00e3o APARECER.<\/strong><\/h5>\n\n\n\n<p><\/p>\n<\/div><\/div>\n<\/div><\/div>\n\n\n\n<figure class=\"wp-block-gallery alignwide columns-2 is-cropped wp-block-gallery-3 is-layout-flex wp-block-gallery-is-layout-flex\"><ul class=\"blocks-gallery-grid\"><li class=\"blocks-gallery-item\"><figure><img loading=\"lazy\" decoding=\"async\" width=\"432\" height=\"1024\" src=\"https:\/\/zonacultural.com.br\/wp-content\/uploads\/2021\/06\/Orquideas-Juntas-432x1024.jpg\" alt=\"\" data-id=\"136\" data-full-url=\"https:\/\/zonacultural.com.br\/wp-content\/uploads\/2021\/06\/Orquideas-Juntas.jpg\" data-link=\"https:\/\/zonacultural.com.br\/index.php\/the-new-umoma-opens-its-doors-2\/orquideas-juntas\/\" class=\"wp-image-136\" srcset=\"https:\/\/zonacultural.com.br\/wp-content\/uploads\/2021\/06\/Orquideas-Juntas-432x1024.jpg 432w, https:\/\/zonacultural.com.br\/wp-content\/uploads\/2021\/06\/Orquideas-Juntas-127x300.jpg 127w, https:\/\/zonacultural.com.br\/wp-content\/uploads\/2021\/06\/Orquideas-Juntas.jpg 760w\" sizes=\"auto, (max-width: 432px) 100vw, 432px\" \/><\/figure><\/li><li class=\"blocks-gallery-item\"><figure><img loading=\"lazy\" decoding=\"async\" width=\"410\" height=\"1024\" src=\"https:\/\/zonacultural.com.br\/wp-content\/uploads\/2021\/06\/Cliente-Licitacao-2019-410x1024.jpg\" alt=\"\" data-id=\"96\" data-full-url=\"https:\/\/zonacultural.com.br\/wp-content\/uploads\/2021\/06\/Cliente-Licitacao-2019-scaled.jpg\" data-link=\"https:\/\/zonacultural.com.br\/index.php\/the-new-umoma-opens-its-doors-2\/cliente-licitacao-2019\/\" class=\"wp-image-96\" srcset=\"https:\/\/zonacultural.com.br\/wp-content\/uploads\/2021\/06\/Cliente-Licitacao-2019-410x1024.jpg 410w, https:\/\/zonacultural.com.br\/wp-content\/uploads\/2021\/06\/Cliente-Licitacao-2019-120x300.jpg 120w, https:\/\/zonacultural.com.br\/wp-content\/uploads\/2021\/06\/Cliente-Licitacao-2019-768x1920.jpg 768w, https:\/\/zonacultural.com.br\/wp-content\/uploads\/2021\/06\/Cliente-Licitacao-2019-819x2048.jpg 819w, https:\/\/zonacultural.com.br\/wp-content\/uploads\/2021\/06\/Cliente-Licitacao-2019-1200x3000.jpg 1200w, https:\/\/zonacultural.com.br\/wp-content\/uploads\/2021\/06\/Cliente-Licitacao-2019-scaled.jpg 1024w\" sizes=\"auto, (max-width: 410px) 100vw, 410px\" \/><\/figure><\/li><\/ul><\/figure>\n\n\n\n<figure class=\"wp-block-embed is-type-video is-provider-youtube wp-block-embed-youtube wp-embed-aspect-16-9 wp-has-aspect-ratio\"><div class=\"wp-block-embed__wrapper\">\n<iframe loading=\"lazy\" title=\"Cabe\u00e7alho 4com som\" width=\"580\" height=\"326\" src=\"https:\/\/www.youtube.com\/embed\/cC5yKVlS2EE?feature=oembed\" frameborder=\"0\" allow=\"accelerometer; autoplay; clipboard-write; encrypted-media; gyroscope; picture-in-picture; web-share\" referrerpolicy=\"strict-origin-when-cross-origin\" allowfullscreen><\/iframe>\n<\/div><figcaption><strong><em>Do P\u00f3 para o P\u00d3. Religiosamente falando. Nada a ver com o Don Diego.<\/em><\/strong><\/figcaption><\/figure>\n\n\n\n<figure class=\"wp-block-image size-large\"><img loading=\"lazy\" decoding=\"async\" width=\"1000\" height=\"1000\" src=\"https:\/\/zonacultural.com.br\/wp-content\/uploads\/2021\/06\/Peixes.jpg\" alt=\"\" class=\"wp-image-84\" srcset=\"https:\/\/zonacultural.com.br\/wp-content\/uploads\/2021\/06\/Peixes.jpg 1000w, https:\/\/zonacultural.com.br\/wp-content\/uploads\/2021\/06\/Peixes-300x300.jpg 300w, https:\/\/zonacultural.com.br\/wp-content\/uploads\/2021\/06\/Peixes-150x150.jpg 150w, https:\/\/zonacultural.com.br\/wp-content\/uploads\/2021\/06\/Peixes-768x768.jpg 768w\" sizes=\"auto, (max-width: 1000px) 100vw, 1000px\" \/><figcaption><strong><em>Sou de PEIXES. Meu FILHO tamb\u00e9m.<\/em><\/strong> <strong><em>Por\u00e9m, com RUMOS diferentes<\/em><\/strong>.<\/figcaption><\/figure>\n\n\n\n<p><\/p>\n","protected":false},"excerpt":{"rendered":"<p>DiREto da eRa do r\u00c1dio paRA erA dOs DAdoS N\u00e3o tinha computador&#8230;$$$ 09 de Setembro de 1991 E outras coisinhas mais. Como a gente Penava no Compasso. &#8230;Era na pena e no compasso Zona Cultural ganha sua Raz\u00e3o Social &#8211; 9\/9\/1991 Com o PC, todos n\u00f3s ganhamos um mundo novo e colorido. Passamos a ver [&hellip;]<\/p>\n","protected":false},"author":1,"featured_media":0,"parent":0,"menu_order":0,"comment_status":"closed","ping_status":"closed","template":"","meta":{"footnotes":""},"class_list":["post-6","page","type-page","status-publish","hentry"],"_links":{"self":[{"href":"https:\/\/zonacultural.com.br\/index.php\/wp-json\/wp\/v2\/pages\/6","targetHints":{"allow":["GET"]}}],"collection":[{"href":"https:\/\/zonacultural.com.br\/index.php\/wp-json\/wp\/v2\/pages"}],"about":[{"href":"https:\/\/zonacultural.com.br\/index.php\/wp-json\/wp\/v2\/types\/page"}],"author":[{"embeddable":true,"href":"https:\/\/zonacultural.com.br\/index.php\/wp-json\/wp\/v2\/users\/1"}],"replies":[{"embeddable":true,"href":"https:\/\/zonacultural.com.br\/index.php\/wp-json\/wp\/v2\/comments?post=6"}],"version-history":[{"count":82,"href":"https:\/\/zonacultural.com.br\/index.php\/wp-json\/wp\/v2\/pages\/6\/revisions"}],"predecessor-version":[{"id":1103,"href":"https:\/\/zonacultural.com.br\/index.php\/wp-json\/wp\/v2\/pages\/6\/revisions\/1103"}],"wp:attachment":[{"href":"https:\/\/zonacultural.com.br\/index.php\/wp-json\/wp\/v2\/media?parent=6"}],"curies":[{"name":"wp","href":"https:\/\/api.w.org\/{rel}","templated":true}]}}