{"id":142,"date":"2021-06-27T15:16:30","date_gmt":"2021-06-27T15:16:30","guid":{"rendered":"https:\/\/zonacultural.com.br\/?page_id=142"},"modified":"2021-07-07T10:11:49","modified_gmt":"2021-07-07T10:11:49","slug":"portfolio","status":"publish","type":"page","link":"https:\/\/zonacultural.com.br\/index.php\/portfolio\/","title":{"rendered":"Documentos\/PortF\u00f3lio"},"content":{"rendered":"\n<div class=\"wp-block-columns is-layout-flex wp-container-core-columns-is-layout-9d6595d7 wp-block-columns-is-layout-flex\">\n<div class=\"wp-block-column is-layout-flow wp-block-column-is-layout-flow\" style=\"flex-basis:100%\">\n\n\n<h2 class=\"wp-block-heading\"><strong>Apostilas SEBRAE<\/strong><\/h2>\n<\/div>\n<\/div>\n\n\n\n<div class=\"wp-block-file\"><a href=\"https:\/\/zonacultural.com.br\/wp-content\/uploads\/2021\/06\/Curso-Analise-e-Planejamento-Financeiro.pdf\">Curso An\u00e1lise e Planejamento Financeiro<\/a><a href=\"https:\/\/zonacultural.com.br\/wp-content\/uploads\/2021\/06\/Curso-Analise-e-Planejamento-Financeiro.pdf\" class=\"wp-block-file__button\" download>Baixar<\/a><\/div>\n\n\n\n<div class=\"wp-block-file\"><a href=\"https:\/\/zonacultural.com.br\/wp-content\/uploads\/2021\/06\/Estrategias-Empresariais-PAE.pdf\">Estrat\u00e9gias Empresariais &#8211; PAE<\/a><a href=\"https:\/\/zonacultural.com.br\/wp-content\/uploads\/2021\/06\/Estrategias-Empresariais-PAE.pdf\" class=\"wp-block-file__button\" download>Baixar<\/a><\/div>\n\n\n\n<div class=\"wp-block-file\"><a href=\"https:\/\/zonacultural.com.br\/wp-content\/uploads\/2021\/06\/Gestao-de-Pessoas-Manual-do-Participante.pdf\">Gest\u00e3o de Pessoas &#8211; Manual do Participante<\/a><a href=\"https:\/\/zonacultural.com.br\/wp-content\/uploads\/2021\/06\/Gestao-de-Pessoas-Manual-do-Participante.pdf\" class=\"wp-block-file__button\" download>Baixar<\/a><\/div>\n\n\n\n<div class=\"wp-block-file\"><a href=\"https:\/\/zonacultural.com.br\/wp-content\/uploads\/2021\/06\/Manual-do-Tutor-Nacional.pdf\">Manual do Tutor Nacional<\/a><a href=\"https:\/\/zonacultural.com.br\/wp-content\/uploads\/2021\/06\/Manual-do-Tutor-Nacional.pdf\" class=\"wp-block-file__button\" download>Baixar<\/a><\/div>\n\n\n\n<div class=\"wp-block-file\"><a href=\"https:\/\/zonacultural.com.br\/wp-content\/uploads\/2021\/06\/REFERENCIAIS-DO-PAPEL-DO-GESTOR-DE-EDUCACAO.pdf\">REFERENCIAIS DO PAPEL DO GESTOR DE EDUCA\u00c7\u00c3O<\/a><a href=\"https:\/\/zonacultural.com.br\/wp-content\/uploads\/2021\/06\/REFERENCIAIS-DO-PAPEL-DO-GESTOR-DE-EDUCACAO.pdf\" class=\"wp-block-file__button\" download>Baixar<\/a><\/div>\n\n\n\n<div class=\"wp-block-file\"><a href=\"https:\/\/zonacultural.com.br\/wp-content\/uploads\/2021\/06\/Manual-da-Integridade-Publica-final-com-capa.pdf\">Manual da Integridade P\u00fablica <\/a><a href=\"https:\/\/zonacultural.com.br\/wp-content\/uploads\/2021\/06\/Manual-da-Integridade-Publica-final-com-capa.pdf\" class=\"wp-block-file__button\" download>Baixar<\/a><\/div>\n\n\n\n\n\n<h2 class=\"has-text-align-center wp-block-heading\"><strong>FUNDA\u00c7\u00c3O EDUCATIVA OURO PRETO &#8211; FEOP<\/strong><\/h2>\n\n\n\n<div class=\"wp-block-file\"><a href=\"https:\/\/zonacultural.com.br\/wp-content\/uploads\/2021\/06\/1o-Encontro-Nacional-do-Ensino-Superior-das-Artes..pdf\"><br>1\u00ba Encontro Nacional do Ensino Superior das Artes.<\/a><a href=\"https:\/\/zonacultural.com.br\/wp-content\/uploads\/2021\/06\/1o-Encontro-Nacional-do-Ensino-Superior-das-Artes..pdf\" class=\"wp-block-file__button\" download>Baixar<\/a><\/div>\n\n\n\n\n\n<h2 class=\"wp-block-heading\">18 Anos<\/h2>\n\n\n\n<div class=\"wp-block-file\"><a href=\"https:\/\/zonacultural.com.br\/wp-content\/uploads\/2021\/06\/Portfolio2009.pdf\">Portf\u00f3lio 2009<\/a><a href=\"https:\/\/zonacultural.com.br\/wp-content\/uploads\/2021\/06\/Portfolio2009.pdf\" class=\"wp-block-file__button\" download>Baixar<\/a><\/div>\n\n\n\n\n\n<h2 class=\"wp-block-heading\">Sistema Nacional de Informa\u00e7\u00f5es de Defesa do Consumidor &#8211; SINDEC<\/h2>\n\n\n\n<div class=\"wp-block-file\"><a href=\"https:\/\/zonacultural.com.br\/wp-content\/uploads\/2021\/06\/Balanco-Social-SINDEC-Final-Completo.pdf\">Balan\u00e7o Social &#8211; SINDEC <\/a><a href=\"https:\/\/zonacultural.com.br\/wp-content\/uploads\/2021\/06\/Balanco-Social-SINDEC-Final-Completo.pdf\" class=\"wp-block-file__button\" download>Baixar<\/a><\/div>\n\n\n\n<h2 class=\"wp-block-heading\">Revistas<\/h2>\n\n\n\n<h2 class=\"wp-block-heading\">ITI &#8211; Presid\u00eancia da Rep\u00fablica<\/h2>\n\n\n\n<div class=\"wp-block-file\"><a href=\"https:\/\/zonacultural.com.br\/wp-content\/uploads\/2021\/06\/Revista-Digital-1.pdf\">Revista Digital N\u00ba 01<\/a><a href=\"https:\/\/zonacultural.com.br\/wp-content\/uploads\/2021\/06\/Revista-Digital-1.pdf\" class=\"wp-block-file__button\" download>Baixar<\/a><\/div>\n\n\n\n<div class=\"wp-block-file\"><a href=\"https:\/\/zonacultural.com.br\/wp-content\/uploads\/2021\/06\/Revista-Digital-2-2012.pdf\">Revista Digital N\u00ba 02<\/a><a href=\"https:\/\/zonacultural.com.br\/wp-content\/uploads\/2021\/06\/Revista-Digital-2-2012.pdf\" class=\"wp-block-file__button\" download>Baixar<\/a><\/div>\n\n\n\n\n\n\n\n<h2 class=\"wp-block-heading\">Jnana Prabha<\/h2>\n\n\n\n<div class=\"wp-block-file\"><a href=\"https:\/\/zonacultural.com.br\/wp-content\/uploads\/2021\/06\/Jnana-Prabha-com-capa.pdf\">Jnana Prabha <\/a><a href=\"https:\/\/zonacultural.com.br\/wp-content\/uploads\/2021\/06\/Jnana-Prabha-com-capa.pdf\" class=\"wp-block-file__button\" download>Baixar<\/a><\/div>\n\n\n\n\n\n<h2 class=\"wp-block-heading\">Revista Jur\u00eddica da Procuradoria-Geral do Distrito Federal<\/h2>\n\n\n\n<figure class=\"wp-block-image size-large\"><img loading=\"lazy\" decoding=\"async\" width=\"683\" height=\"1024\" src=\"https:\/\/zonacultural.com.br\/wp-content\/uploads\/2021\/06\/Baner-oficio-683x1024.jpg\" alt=\"\" class=\"wp-image-197\" srcset=\"https:\/\/zonacultural.com.br\/wp-content\/uploads\/2021\/06\/Baner-oficio-683x1024.jpg 683w, https:\/\/zonacultural.com.br\/wp-content\/uploads\/2021\/06\/Baner-oficio-200x300.jpg 200w, https:\/\/zonacultural.com.br\/wp-content\/uploads\/2021\/06\/Baner-oficio-768x1152.jpg 768w, https:\/\/zonacultural.com.br\/wp-content\/uploads\/2021\/06\/Baner-oficio-1024x1536.jpg 1024w, https:\/\/zonacultural.com.br\/wp-content\/uploads\/2021\/06\/Baner-oficio-1365x2048.jpg 1365w, https:\/\/zonacultural.com.br\/wp-content\/uploads\/2021\/06\/Baner-oficio-1200x1800.jpg 1200w, https:\/\/zonacultural.com.br\/wp-content\/uploads\/2021\/06\/Baner-oficio-1980x2970.jpg 1980w, https:\/\/zonacultural.com.br\/wp-content\/uploads\/2021\/06\/Baner-oficio-scaled.jpg 1707w\" sizes=\"auto, (max-width: 683px) 100vw, 683px\" \/><\/figure>\n\n\n\n<div class=\"wp-block-file\"><a href=\"https:\/\/zonacultural.com.br\/wp-content\/uploads\/2021\/06\/Revista-PGDF-39-v-2-Completa-1.pdf\">Revista PGDF &#8211; 39 v.2 <\/a><a href=\"https:\/\/zonacultural.com.br\/wp-content\/uploads\/2021\/06\/Revista-PGDF-39-v-2-Completa-1.pdf\" class=\"wp-block-file__button\" download>Baixar<\/a><\/div>\n\n\n\n<div class=\"wp-block-file\"><a href=\"https:\/\/zonacultural.com.br\/wp-content\/uploads\/2021\/06\/Revista-PGDF-40-v1-01-10-15-final-.pdf\">Revista PGDF &#8211; 40 v.1 <\/a><a href=\"https:\/\/zonacultural.com.br\/wp-content\/uploads\/2021\/06\/Revista-PGDF-40-v1-01-10-15-final-.pdf\" class=\"wp-block-file__button\" download>Baixar<\/a><\/div>\n\n\n\n<div class=\"wp-block-file\"><a href=\"https:\/\/zonacultural.com.br\/wp-content\/uploads\/2021\/06\/Revista-PGDF-40-v.2-01-170-pdf.pdf\">Revista PGDF &#8211; 40 v.2 &#8211; 01 &#8211; 170<\/a><a href=\"https:\/\/zonacultural.com.br\/wp-content\/uploads\/2021\/06\/Revista-PGDF-40-v.2-01-170-pdf.pdf\" class=\"wp-block-file__button\" download>Baixar<\/a><\/div>\n\n\n\n<div class=\"wp-block-file\"><a href=\"https:\/\/zonacultural.com.br\/wp-content\/uploads\/2021\/06\/Revista-PGDF-40-v.2-171-236-pdf.pdf\">Revista PGDF &#8211; 40 v.2 &#8211; 171 &#8211; 236 <\/a><a href=\"https:\/\/zonacultural.com.br\/wp-content\/uploads\/2021\/06\/Revista-PGDF-40-v.2-171-236-pdf.pdf\" class=\"wp-block-file__button\" download>Baixar<\/a><\/div>\n\n\n\n<div class=\"wp-block-file\"><a href=\"https:\/\/zonacultural.com.br\/wp-content\/uploads\/2021\/06\/Revista-41-v1-20-09.pdf\">Revista PGDF &#8211; 41 v.1 <\/a><a href=\"https:\/\/zonacultural.com.br\/wp-content\/uploads\/2021\/06\/Revista-41-v1-20-09.pdf\" class=\"wp-block-file__button\" download>Baixar<\/a><\/div>\n\n\n\n<div class=\"wp-block-file\"><a href=\"https:\/\/zonacultural.com.br\/wp-content\/uploads\/2021\/06\/Revista-41-v2-1-a-208-18-04.pdf\">Revista PGDF &#8211; 41 v.2  <\/a><a href=\"https:\/\/zonacultural.com.br\/wp-content\/uploads\/2021\/06\/Revista-41-v2-1-a-208-18-04.pdf\" class=\"wp-block-file__button\" download>Baixar<\/a><\/div>\n\n\n\n<h2 class=\"wp-block-heading\">EMGEA<\/h2>\n\n\n\n<figure class=\"wp-block-pullquote\"><blockquote><p><strong>Demonstra\u00e7\u00f5es Financeiras \u2013 2018<br>Relat\u00f3rio da Administra\u00e7\u00e3o<\/strong><\/p><\/blockquote><\/figure>\n\n\n\n<div class=\"wp-block-file\"><a href=\"https:\/\/zonacultural.com.br\/wp-content\/uploads\/2021\/06\/EMGEA-Diario-Oficial-2018-Aprovado.pdf\">EMGEA &#8211; Di\u00e1rio Oficial &#8211; 2018 <\/a><a href=\"https:\/\/zonacultural.com.br\/wp-content\/uploads\/2021\/06\/EMGEA-Diario-Oficial-2018-Aprovado.pdf\" class=\"wp-block-file__button\" download>Baixar<\/a><\/div>\n\n\n\n\n","protected":false},"excerpt":{"rendered":"<p>Apostilas SEBRAE FUNDA\u00c7\u00c3O EDUCATIVA OURO PRETO &#8211; FEOP 18 Anos Sistema Nacional de Informa\u00e7\u00f5es de Defesa do Consumidor &#8211; SINDEC Revistas ITI &#8211; Presid\u00eancia da Rep\u00fablica Jnana Prabha Revista Jur\u00eddica da Procuradoria-Geral do Distrito Federal EMGEA Demonstra\u00e7\u00f5es Financeiras \u2013 2018Relat\u00f3rio da Administra\u00e7\u00e3o<\/p>\n","protected":false},"author":1,"featured_media":0,"parent":0,"menu_order":0,"comment_status":"closed","ping_status":"closed","template":"","meta":{"footnotes":""},"class_list":["post-142","page","type-page","status-publish","hentry"],"_links":{"self":[{"href":"https:\/\/zonacultural.com.br\/index.php\/wp-json\/wp\/v2\/pages\/142","targetHints":{"allow":["GET"]}}],"collection":[{"href":"https:\/\/zonacultural.com.br\/index.php\/wp-json\/wp\/v2\/pages"}],"about":[{"href":"https:\/\/zonacultural.com.br\/index.php\/wp-json\/wp\/v2\/types\/page"}],"author":[{"embeddable":true,"href":"https:\/\/zonacultural.com.br\/index.php\/wp-json\/wp\/v2\/users\/1"}],"replies":[{"embeddable":true,"href":"https:\/\/zonacultural.com.br\/index.php\/wp-json\/wp\/v2\/comments?post=142"}],"version-history":[{"count":21,"href":"https:\/\/zonacultural.com.br\/index.php\/wp-json\/wp\/v2\/pages\/142\/revisions"}],"predecessor-version":[{"id":781,"href":"https:\/\/zonacultural.com.br\/index.php\/wp-json\/wp\/v2\/pages\/142\/revisions\/781"}],"wp:attachment":[{"href":"https:\/\/zonacultural.com.br\/index.php\/wp-json\/wp\/v2\/media?parent=142"}],"curies":[{"name":"wp","href":"https:\/\/api.w.org\/{rel}","templated":true}]}}