{"id":1405,"date":"2023-07-21T16:40:28","date_gmt":"2023-07-21T16:40:28","guid":{"rendered":"https:\/\/zonacultural.com.br\/?page_id=1405"},"modified":"2023-07-22T10:37:24","modified_gmt":"2023-07-22T10:37:24","slug":"adobe-firefly","status":"publish","type":"page","link":"https:\/\/zonacultural.com.br\/index.php\/adobe-firefly\/","title":{"rendered":"Adobe Firefly"},"content":{"rendered":"\n<h3 class=\"wp-block-heading has-text-align-center\">Cria\u00e7\u00e3o de Imagens por <\/h3>\n\n\n\n<h3 class=\"wp-block-heading has-text-align-center\"><mark style=\"background-color:rgba(0, 0, 0, 0)\" class=\"has-inline-color has-accent-color\">IA<\/mark> atrav\u00e9s de Descri\u00e7\u00e3o de Texto<\/h3>\n\n\n\n<figure class=\"wp-block-image size-full\"><img loading=\"lazy\" decoding=\"async\" width=\"1024\" height=\"1024\" src=\"https:\/\/zonacultural.com.br\/wp-content\/uploads\/2023\/07\/Firefly-Silhueta-de-duas-criancas-sentadas-no-cais-assistindo-o-por-do-sol-numa-ilha-deserta-com-mon.jpg\" alt=\"\" class=\"wp-image-1409\" srcset=\"https:\/\/zonacultural.com.br\/wp-content\/uploads\/2023\/07\/Firefly-Silhueta-de-duas-criancas-sentadas-no-cais-assistindo-o-por-do-sol-numa-ilha-deserta-com-mon.jpg 1024w, https:\/\/zonacultural.com.br\/wp-content\/uploads\/2023\/07\/Firefly-Silhueta-de-duas-criancas-sentadas-no-cais-assistindo-o-por-do-sol-numa-ilha-deserta-com-mon-300x300.jpg 300w, https:\/\/zonacultural.com.br\/wp-content\/uploads\/2023\/07\/Firefly-Silhueta-de-duas-criancas-sentadas-no-cais-assistindo-o-por-do-sol-numa-ilha-deserta-com-mon-150x150.jpg 150w, https:\/\/zonacultural.com.br\/wp-content\/uploads\/2023\/07\/Firefly-Silhueta-de-duas-criancas-sentadas-no-cais-assistindo-o-por-do-sol-numa-ilha-deserta-com-mon-768x768.jpg 768w\" sizes=\"auto, (max-width: 1024px) 100vw, 1024px\" \/><\/figure>\n\n\n\n<p>Silhueta de duas crian\u00e7as pescando, sentadas no cais, durante o por do sol, enquanto gaivotas voam ao redor.<\/p>\n\n\n\n<figure class=\"wp-block-image size-full\"><img loading=\"lazy\" decoding=\"async\" width=\"1024\" height=\"1024\" src=\"https:\/\/zonacultural.com.br\/wp-content\/uploads\/2023\/07\/Firefly-Um-verme-passeia-na-lua-cheia-em-primeiro-plano.-A-terra-e-vista-grande-ao-fundo-envolta-por.jpg\" alt=\"\" class=\"wp-image-1410\" srcset=\"https:\/\/zonacultural.com.br\/wp-content\/uploads\/2023\/07\/Firefly-Um-verme-passeia-na-lua-cheia-em-primeiro-plano.-A-terra-e-vista-grande-ao-fundo-envolta-por.jpg 1024w, https:\/\/zonacultural.com.br\/wp-content\/uploads\/2023\/07\/Firefly-Um-verme-passeia-na-lua-cheia-em-primeiro-plano.-A-terra-e-vista-grande-ao-fundo-envolta-por-300x300.jpg 300w, https:\/\/zonacultural.com.br\/wp-content\/uploads\/2023\/07\/Firefly-Um-verme-passeia-na-lua-cheia-em-primeiro-plano.-A-terra-e-vista-grande-ao-fundo-envolta-por-150x150.jpg 150w, https:\/\/zonacultural.com.br\/wp-content\/uploads\/2023\/07\/Firefly-Um-verme-passeia-na-lua-cheia-em-primeiro-plano.-A-terra-e-vista-grande-ao-fundo-envolta-por-768x768.jpg 768w\" sizes=\"auto, (max-width: 1024px) 100vw, 1024px\" \/><\/figure>\n\n\n\n<p>Um verme passeia na Lua Cheia.<\/p>\n\n\n\n<h2 class=\"wp-block-heading\">Como criar Imaginando&#8230;<\/h2>\n\n\n\n<figure class=\"wp-block-image size-large is-resized\"><img loading=\"lazy\" decoding=\"async\" src=\"https:\/\/zonacultural.com.br\/wp-content\/uploads\/2023\/07\/Gato-no-Saloon-1024x576.jpg\" alt=\"\" class=\"wp-image-1414\" width=\"959\" height=\"539\" srcset=\"https:\/\/zonacultural.com.br\/wp-content\/uploads\/2023\/07\/Gato-no-Saloon-1024x576.jpg 1024w, https:\/\/zonacultural.com.br\/wp-content\/uploads\/2023\/07\/Gato-no-Saloon-300x169.jpg 300w, https:\/\/zonacultural.com.br\/wp-content\/uploads\/2023\/07\/Gato-no-Saloon-768x432.jpg 768w, https:\/\/zonacultural.com.br\/wp-content\/uploads\/2023\/07\/Gato-no-Saloon-1536x864.jpg 1536w, https:\/\/zonacultural.com.br\/wp-content\/uploads\/2023\/07\/Gato-no-Saloon-1200x675.jpg 1200w, https:\/\/zonacultural.com.br\/wp-content\/uploads\/2023\/07\/Gato-no-Saloon.jpg 1920w\" sizes=\"auto, (max-width: 959px) 100vw, 959px\" \/><\/figure>\n\n\n\n<figure class=\"wp-block-image size-large is-resized\"><img loading=\"lazy\" decoding=\"async\" src=\"https:\/\/zonacultural.com.br\/wp-content\/uploads\/2023\/07\/Galinha-dos-ovos-de-Ouro-1024x576.jpg\" alt=\"\" class=\"wp-image-1415\" width=\"960\" height=\"540\" srcset=\"https:\/\/zonacultural.com.br\/wp-content\/uploads\/2023\/07\/Galinha-dos-ovos-de-Ouro-1024x576.jpg 1024w, https:\/\/zonacultural.com.br\/wp-content\/uploads\/2023\/07\/Galinha-dos-ovos-de-Ouro-300x169.jpg 300w, https:\/\/zonacultural.com.br\/wp-content\/uploads\/2023\/07\/Galinha-dos-ovos-de-Ouro-768x432.jpg 768w, https:\/\/zonacultural.com.br\/wp-content\/uploads\/2023\/07\/Galinha-dos-ovos-de-Ouro-1536x864.jpg 1536w, https:\/\/zonacultural.com.br\/wp-content\/uploads\/2023\/07\/Galinha-dos-ovos-de-Ouro-1200x675.jpg 1200w, https:\/\/zonacultural.com.br\/wp-content\/uploads\/2023\/07\/Galinha-dos-ovos-de-Ouro.jpg 1920w\" sizes=\"auto, (max-width: 960px) 100vw, 960px\" \/><\/figure>\n","protected":false},"excerpt":{"rendered":"<p>Cria\u00e7\u00e3o de Imagens por IA atrav\u00e9s de Descri\u00e7\u00e3o de Texto Silhueta de duas crian\u00e7as pescando, sentadas no cais, durante o por do sol, enquanto gaivotas voam ao redor. Um verme passeia na Lua Cheia. Como criar Imaginando&#8230;<\/p>\n","protected":false},"author":1,"featured_media":0,"parent":0,"menu_order":0,"comment_status":"closed","ping_status":"closed","template":"","meta":{"footnotes":""},"class_list":["post-1405","page","type-page","status-publish","hentry"],"_links":{"self":[{"href":"https:\/\/zonacultural.com.br\/index.php\/wp-json\/wp\/v2\/pages\/1405","targetHints":{"allow":["GET"]}}],"collection":[{"href":"https:\/\/zonacultural.com.br\/index.php\/wp-json\/wp\/v2\/pages"}],"about":[{"href":"https:\/\/zonacultural.com.br\/index.php\/wp-json\/wp\/v2\/types\/page"}],"author":[{"embeddable":true,"href":"https:\/\/zonacultural.com.br\/index.php\/wp-json\/wp\/v2\/users\/1"}],"replies":[{"embeddable":true,"href":"https:\/\/zonacultural.com.br\/index.php\/wp-json\/wp\/v2\/comments?post=1405"}],"version-history":[{"count":9,"href":"https:\/\/zonacultural.com.br\/index.php\/wp-json\/wp\/v2\/pages\/1405\/revisions"}],"predecessor-version":[{"id":1421,"href":"https:\/\/zonacultural.com.br\/index.php\/wp-json\/wp\/v2\/pages\/1405\/revisions\/1421"}],"wp:attachment":[{"href":"https:\/\/zonacultural.com.br\/index.php\/wp-json\/wp\/v2\/media?parent=1405"}],"curies":[{"name":"wp","href":"https:\/\/api.w.org\/{rel}","templated":true}]}}